{"id":13,"date":"2023-06-22T16:51:29","date_gmt":"2023-06-22T16:51:29","guid":{"rendered":"https:\/\/granmel.ec\/?page_id=13"},"modified":"2023-08-09T20:30:25","modified_gmt":"2023-08-09T20:30:25","slug":"contacto","status":"publish","type":"page","link":"https:\/\/granmel.ec\/index.php\/contacto\/","title":{"rendered":"Contacto"},"content":{"rendered":"\n<p>\u00a1Hola! Bienvenido a la p\u00e1gina de contacto de la editorial del Granmelme SA. Aqu\u00ed te proporcionamos la informaci\u00f3n b\u00e1sica de contacto que necesitas:<\/p>\n\n\n\n<ul class=\"wp-block-list\">\n<li>ciencinfo@gmail.com <\/li>\n<\/ul>\n\n\n\n<p>Si necesitas ponerte en contacto escr\u00edbenos a la direcci\u00f3n de correo. \u00a1Estamos deseando escuchar de ti!.<\/p>\n\n\n\n<figure class=\"wp-block-image size-large\"><img loading=\"lazy\" decoding=\"async\" width=\"1024\" height=\"936\" src=\"https:\/\/granmel.ec\/wp-content\/uploads\/2023\/06\/pngwing.com-4-1024x936.png\" alt=\"\" class=\"wp-image-56\" srcset=\"https:\/\/granmel.ec\/wp-content\/uploads\/2023\/06\/pngwing.com-4-1024x936.png 1024w, https:\/\/granmel.ec\/wp-content\/uploads\/2023\/06\/pngwing.com-4-300x274.png 300w, https:\/\/granmel.ec\/wp-content\/uploads\/2023\/06\/pngwing.com-4-768x702.png 768w, https:\/\/granmel.ec\/wp-content\/uploads\/2023\/06\/pngwing.com-4.png 1280w\" sizes=\"auto, (max-width: 1024px) 100vw, 1024px\" \/><\/figure>\n","protected":false},"excerpt":{"rendered":"<p>\u00a1Hola! Bienvenido a la p\u00e1gina de contacto de la editorial del Granmelme SA. Aqu\u00ed te proporcionamos la informaci\u00f3n b\u00e1sica de contacto que necesitas: Si necesitas ponerte en contacto escr\u00edbenos a la direcci\u00f3n de correo. \u00a1Estamos deseando escuchar de ti!.<\/p>\n","protected":false},"author":1,"featured_media":0,"parent":0,"menu_order":0,"comment_status":"closed","ping_status":"closed","template":"","meta":{"footnotes":""},"class_list":["post-13","page","type-page","status-publish","hentry","entry"],"_links":{"self":[{"href":"https:\/\/granmel.ec\/index.php\/wp-json\/wp\/v2\/pages\/13","targetHints":{"allow":["GET"]}}],"collection":[{"href":"https:\/\/granmel.ec\/index.php\/wp-json\/wp\/v2\/pages"}],"about":[{"href":"https:\/\/granmel.ec\/index.php\/wp-json\/wp\/v2\/types\/page"}],"author":[{"embeddable":true,"href":"https:\/\/granmel.ec\/index.php\/wp-json\/wp\/v2\/users\/1"}],"replies":[{"embeddable":true,"href":"https:\/\/granmel.ec\/index.php\/wp-json\/wp\/v2\/comments?post=13"}],"version-history":[{"count":4,"href":"https:\/\/granmel.ec\/index.php\/wp-json\/wp\/v2\/pages\/13\/revisions"}],"predecessor-version":[{"id":67,"href":"https:\/\/granmel.ec\/index.php\/wp-json\/wp\/v2\/pages\/13\/revisions\/67"}],"wp:attachment":[{"href":"https:\/\/granmel.ec\/index.php\/wp-json\/wp\/v2\/media?parent=13"}],"curies":[{"name":"wp","href":"https:\/\/api.w.org\/{rel}","templated":true}]}}