{"id":12,"date":"2023-06-22T16:51:29","date_gmt":"2023-06-22T16:51:29","guid":{"rendered":"https:\/\/granmel.ec\/?page_id=12"},"modified":"2023-08-09T20:29:36","modified_gmt":"2023-08-09T20:29:36","slug":"acerca-de","status":"publish","type":"page","link":"https:\/\/granmel.ec\/index.php\/acerca-de\/","title":{"rendered":"Acerca de"},"content":{"rendered":"\n<p class=\"has-small-font-size\">En la Editorial GRANMELME SA, nos dedicamos a cultivar la belleza y el poder de la palabra escrita. Somos un equipo de apasionados amantes de la literatura, comprometidos en brindar a nuestros lectores experiencias \u00fanicas a trav\u00e9s de las obras que publicamos.<\/p>\n\n\n\n<p class=\"has-small-font-size\">Nuestra misi\u00f3n es descubrir y dar voz a talentosos escritores, tanto emergentes como consagrados, cuyas historias merecen ser contadas. Creemos en el poder transformador de las palabras y en su capacidad para inspirar, educar y entretener.<\/p>\n\n\n\n<p class=\"has-small-font-size\">Nos enorgullece ofrecer un cat\u00e1logo diverso y en constante crecimiento, abarcando una amplia gama de g\u00e9neros literarios. Desde cautivadoras novelas hasta reveladoras obras de no ficci\u00f3n, pasando por poes\u00eda que acaricia el alma y libros infantiles que encienden la imaginaci\u00f3n de los m\u00e1s j\u00f3venes, nos esforzamos por satisfacer los gustos y las necesidades de todos los lectores.<\/p>\n\n\n\n<p class=\"has-small-font-size\">Valoramos la calidad y la excelencia en cada uno de nuestros libros. Trabajamos en estrecha colaboraci\u00f3n con nuestros autores para asegurarnos de que sus obras sean pulidas y lleguen a ustedes en su mejor versi\u00f3n. Adem\u00e1s, nos esforzamos por ofrecer ediciones bellamente dise\u00f1adas y cuidadosamente producidas, porque creemos que la est\u00e9tica y la calidad son fundamentales para una experiencia de lectura enriquecedora.<\/p>\n\n\n\n<p class=\"has-small-font-size\">En [Nombre de la Editorial], no solo nos preocupamos por la creaci\u00f3n y publicaci\u00f3n de libros, sino tambi\u00e9n por promover la literatura y la cultura en general. Colaboramos con escritores, lectores, bibliotecas y otros actores clave en el \u00e1mbito literario para organizar eventos, clubes de lectura y programas educativos que fomenten el amor por los libros y el intercambio de ideas.<\/p>\n\n\n\n<p class=\"has-small-font-size\">Nuestro compromiso va m\u00e1s all\u00e1 de las p\u00e1ginas impresas. Buscamos establecer una conexi\u00f3n significativa con nuestros lectores y construir una comunidad en la que el di\u00e1logo y la pasi\u00f3n por la literatura sean los pilares fundamentales. Nos encanta escuchar sus comentarios, sugerencias y opiniones, porque creemos que la literatura es un puente que une a las personas.<\/p>\n\n\n\n<p class=\"has-small-font-size\">Gracias por acompa\u00f1arnos en este viaje literario. Esperamos que nuestros libros te transporten a mundos desconocidos, despierten tus emociones y te inspiren a explorar nuevas ideas. Estamos comprometidos en ofrecerte una experiencia de lectura enriquecedora y ser tu compa\u00f1ero fiel en el fascinante universo de las palabras.<\/p>\n\n\n\n<p class=\"has-small-font-size\">Bienvenidos a Editorial GRANMELME SA, donde la magia de la literatura cobra vida y las historias perduran para siempre.<\/p>\n\n\n<div class=\"wp-block-image\">\n<figure class=\"aligncenter size-full is-resized\"><img loading=\"lazy\" decoding=\"async\" src=\"https:\/\/granmel.ec\/wp-content\/uploads\/2023\/06\/pngwing.com-3.png\" alt=\"\" class=\"wp-image-52\" style=\"width:426px;height:362px\" width=\"426\" height=\"362\" srcset=\"https:\/\/granmel.ec\/wp-content\/uploads\/2023\/06\/pngwing.com-3.png 690w, https:\/\/granmel.ec\/wp-content\/uploads\/2023\/06\/pngwing.com-3-300x255.png 300w\" sizes=\"auto, (max-width: 426px) 100vw, 426px\" \/><\/figure>\n<\/div>","protected":false},"excerpt":{"rendered":"<p>En la Editorial GRANMELME SA, nos dedicamos a cultivar la belleza y el poder de la palabra escrita. Somos un equipo de apasionados amantes de la literatura, comprometidos en brindar a nuestros lectores experiencias \u00fanicas a trav\u00e9s de las obras que publicamos. Nuestra misi\u00f3n es descubrir y dar voz a talentosos escritores, tanto emergentes como&hellip; <a class=\"more-link\" href=\"https:\/\/granmel.ec\/index.php\/acerca-de\/\">Seguir leyendo <span class=\"screen-reader-text\">Acerca de<\/span><\/a><\/p>\n","protected":false},"author":1,"featured_media":0,"parent":0,"menu_order":0,"comment_status":"closed","ping_status":"closed","template":"","meta":{"footnotes":""},"class_list":["post-12","page","type-page","status-publish","hentry","entry"],"_links":{"self":[{"href":"https:\/\/granmel.ec\/index.php\/wp-json\/wp\/v2\/pages\/12","targetHints":{"allow":["GET"]}}],"collection":[{"href":"https:\/\/granmel.ec\/index.php\/wp-json\/wp\/v2\/pages"}],"about":[{"href":"https:\/\/granmel.ec\/index.php\/wp-json\/wp\/v2\/types\/page"}],"author":[{"embeddable":true,"href":"https:\/\/granmel.ec\/index.php\/wp-json\/wp\/v2\/users\/1"}],"replies":[{"embeddable":true,"href":"https:\/\/granmel.ec\/index.php\/wp-json\/wp\/v2\/comments?post=12"}],"version-history":[{"count":4,"href":"https:\/\/granmel.ec\/index.php\/wp-json\/wp\/v2\/pages\/12\/revisions"}],"predecessor-version":[{"id":66,"href":"https:\/\/granmel.ec\/index.php\/wp-json\/wp\/v2\/pages\/12\/revisions\/66"}],"wp:attachment":[{"href":"https:\/\/granmel.ec\/index.php\/wp-json\/wp\/v2\/media?parent=12"}],"curies":[{"name":"wp","href":"https:\/\/api.w.org\/{rel}","templated":true}]}}