{"id":11,"date":"2023-06-22T16:51:29","date_gmt":"2023-06-22T16:51:29","guid":{"rendered":"https:\/\/granmel.ec\/?page_id=11"},"modified":"2023-06-22T17:23:47","modified_gmt":"2023-06-22T17:23:47","slug":"create-your-website-with-blocks","status":"publish","type":"page","link":"https:\/\/granmel.ec\/","title":{"rendered":"Bienvenidos"},"content":{"rendered":"\n<h1 class=\"wp-block-heading alignwide has-text-align-center has-text-align-wide has-extra-large-font-size\" style=\"line-height:1.1\"><strong>\u00a1Bienvenidos a nuestra editorial!<\/strong><\/h1>\n\n\n\n<p class=\"has-text-align-left has-small-font-size\">En nuestro rinc\u00f3n literario, la pasi\u00f3n por los libros es nuestra br\u00fajula y la literatura es nuestro combustible. Nos complace compartir con ustedes un mundo lleno de historias cautivadoras, ideas inspiradoras y aventuras entre p\u00e1ginas.<\/p>\n\n\n\n<p class=\"has-text-align-left has-small-font-size\">Nuestra editorial se enorgullece de fomentar el amor por la lectura y de nutrir la mente y el esp\u00edritu a trav\u00e9s de las palabras. Creemos firmemente en el poder transformador de la literatura, capaz de transportarnos a mundos desconocidos, despertar emociones profundas y despertar la curiosidad que vive en cada uno de nosotros.<\/p>\n\n\n\n<p class=\"has-text-align-left has-small-font-size\">Nos comprometemos a descubrir nuevos talentos y a brindarles un espacio para que sus voces sean escuchadas. Queremos abrir puertas a la imaginaci\u00f3n, permitiendo que las ideas florezcan y que la creatividad encuentre su hogar en nuestras p\u00e1ginas impresas.<\/p>\n\n\n\n<p class=\"has-text-align-left has-small-font-size\">La cultura es un tesoro que nos une como sociedad, y nos esforzamos por promoverla en cada obra que publicamos. Deseamos que nuestros libros sean ventanas a diferentes perspectivas, que desaf\u00eden nuestras ideas preconcebidas y nos impulsen a reflexionar sobre el mundo que nos rodea.<\/p>\n\n\n\n<p class=\"has-text-align-left has-small-font-size\">Estamos emocionados de embarcarnos en esta traves\u00eda literaria junto a ustedes. Perm\u00edtannos acompa\u00f1arles en el apasionante viaje de descubrimiento, aprendizaje y entretenimiento que nos brinda la lectura.<\/p>\n\n\n\n<p class=\"has-text-align-left has-small-font-size\">Bienvenidos a nuestra editorial, donde las palabras cobran vida y la magia se despliega en cada p\u00e1gina. \u00a1Es un placer tenerles aqu\u00ed!<\/p>\n\n\n\n<figure class=\"wp-block-image size-full\"><img loading=\"lazy\" decoding=\"async\" width=\"773\" height=\"800\" src=\"https:\/\/granmel.ec\/wp-content\/uploads\/2023\/06\/pngwing.com-2.png\" alt=\"\" class=\"wp-image-50\" srcset=\"https:\/\/granmel.ec\/wp-content\/uploads\/2023\/06\/pngwing.com-2.png 773w, https:\/\/granmel.ec\/wp-content\/uploads\/2023\/06\/pngwing.com-2-290x300.png 290w, https:\/\/granmel.ec\/wp-content\/uploads\/2023\/06\/pngwing.com-2-768x795.png 768w\" sizes=\"auto, (max-width: 773px) 100vw, 773px\" \/><\/figure>\n","protected":false},"excerpt":{"rendered":"<p>\u00a1Bienvenidos a nuestra editorial! En nuestro rinc\u00f3n literario, la pasi\u00f3n por los libros es nuestra br\u00fajula y la literatura es nuestro combustible. Nos complace compartir con ustedes un mundo lleno de historias cautivadoras, ideas inspiradoras y aventuras entre p\u00e1ginas. Nuestra editorial se enorgullece de fomentar el amor por la lectura y de nutrir la mente&hellip; <a class=\"more-link\" href=\"https:\/\/granmel.ec\/\">Seguir leyendo <span class=\"screen-reader-text\">Bienvenidos<\/span><\/a><\/p>\n","protected":false},"author":1,"featured_media":0,"parent":0,"menu_order":0,"comment_status":"closed","ping_status":"closed","template":"","meta":{"footnotes":""},"class_list":["post-11","page","type-page","status-publish","hentry","entry"],"_links":{"self":[{"href":"https:\/\/granmel.ec\/index.php\/wp-json\/wp\/v2\/pages\/11","targetHints":{"allow":["GET"]}}],"collection":[{"href":"https:\/\/granmel.ec\/index.php\/wp-json\/wp\/v2\/pages"}],"about":[{"href":"https:\/\/granmel.ec\/index.php\/wp-json\/wp\/v2\/types\/page"}],"author":[{"embeddable":true,"href":"https:\/\/granmel.ec\/index.php\/wp-json\/wp\/v2\/users\/1"}],"replies":[{"embeddable":true,"href":"https:\/\/granmel.ec\/index.php\/wp-json\/wp\/v2\/comments?post=11"}],"version-history":[{"count":11,"href":"https:\/\/granmel.ec\/index.php\/wp-json\/wp\/v2\/pages\/11\/revisions"}],"predecessor-version":[{"id":51,"href":"https:\/\/granmel.ec\/index.php\/wp-json\/wp\/v2\/pages\/11\/revisions\/51"}],"wp:attachment":[{"href":"https:\/\/granmel.ec\/index.php\/wp-json\/wp\/v2\/media?parent=11"}],"curies":[{"name":"wp","href":"https:\/\/api.w.org\/{rel}","templated":true}]}}